{"id":1390,"date":"2020-03-27T14:37:19","date_gmt":"2020-03-27T12:37:19","guid":{"rendered":"https:\/\/www.clinicasaltea.com\/tecnologia\/"},"modified":"2023-12-13T18:16:38","modified_gmt":"2023-12-13T16:16:38","slug":"tecnologia","status":"publish","type":"page","link":"https:\/\/www.clinicasaltea.com\/nl\/tecnologia\/","title":{"rendered":"Technologie"},"content":{"rendered":"<div class=\"wpb-content-wrapper\"><p>[vc_row][vc_column]<div class=\"row\"><div class=\"col-md-8 col-md-offset-2 col-xs-12\"><div class=\"section-title  text-center\"><h3>TANDHEELKUNDIGE TECHNOLOGIE<\/h3><h2>De meest geavanceerde kliniek in Alicante<\/h2><p><strong>Wij zijn een van de meest geavanceerde <\/strong>tandheelkundige klinieken en werken voor pati\u00ebnten uit heel Europa.<\/p><\/div><\/div><\/div>[\/vc_column][\/vc_row][vc_row][vc_column]<div class=\"row\" ><div class=\"col-md-4 col-sm-12 \">\n\t\t\t\t\t<div class=\"service-single res-margin\">\n\t\t\t\t\t\t<div class=\"icon \"><\/div>\n\t\t\t\t\t\t<h3>Onzichtbare orthodontie met behulp van intraorale scanner<\/h3>\n\t\t\t\t\t\t<p><img loading=\"lazy\" decoding=\"async\" class=\"size-medium wp-image-606 aligncenter\" src=\"https:\/\/www.clinicasaltea.com\/wp-content\/uploads\/2023\/12\/alineadores-e1701555619769-300x300.jpg\" alt=\"\" width=\"300\" height=\"300\" srcset=\"https:\/\/www.clinicasaltea.com\/wp-content\/uploads\/2023\/12\/alineadores-e1701555619769-300x300.jpg 300w, https:\/\/www.clinicasaltea.com\/wp-content\/uploads\/2023\/12\/alineadores-e1701555619769-150x150.jpg 150w, https:\/\/www.clinicasaltea.com\/wp-content\/uploads\/2023\/12\/alineadores-e1701555619769-100x100.jpg 100w, https:\/\/www.clinicasaltea.com\/wp-content\/uploads\/2023\/12\/alineadores-e1701555619769.jpg 463w\" sizes=\"auto, (max-width: 300px) 100vw, 300px\" \/><\/p>\n<p>Wij zijn specialisten in onzichtbare orthodontie met Spark of Invisalign<sup>TM<\/sup>. Met onze iTero<sup>TM<\/sup> intraorale scanner zijn we in staat om een driedimensionale reconstructie van uw mond te maken, waardoor we een effectieve diagnose kunnen stellen, zodat al onze gevallen succesvol zijn.<\/p><a href=\"#tratamientos\" ><div class=\"arrow icon icon-arrows-right\"><\/div><\/a>\n\t\t\t\t\t<\/div>\n\t\t\t\t<\/div><div class=\"col-md-4 col-sm-12 \">\n\t\t\t\t\t<div class=\"service-single res-margin\">\n\t\t\t\t\t\t<div class=\"icon \"><\/div>\n\t\t\t\t\t\t<h3>Philips Zoom Professioneel tanden bleken<\/h3>\n\t\t\t\t\t\t<p><img loading=\"lazy\" decoding=\"async\" class=\"size-medium wp-image-480 aligncenter\" src=\"https:\/\/www.clinicasaltea.com\/wp-content\/uploads\/2023\/11\/blanqueamiento-e1701362904436-300x300.jpg\" alt=\"\" width=\"300\" height=\"300\" srcset=\"https:\/\/www.clinicasaltea.com\/wp-content\/uploads\/2023\/11\/blanqueamiento-e1701362904436-300x300.jpg 300w, https:\/\/www.clinicasaltea.com\/wp-content\/uploads\/2023\/11\/blanqueamiento-e1701362904436-150x150.jpg 150w, https:\/\/www.clinicasaltea.com\/wp-content\/uploads\/2023\/11\/blanqueamiento-e1701362904436-100x100.jpg 100w, https:\/\/www.clinicasaltea.com\/wp-content\/uploads\/2023\/11\/blanqueamiento-e1701362904436.jpg 375w\" sizes=\"auto, (max-width: 300px) 100vw, 300px\" \/><\/p>\n<p>Bij <strong>Cl\u00ednica Dental Altea<\/strong> gebruiken we de nieuwste generatie geavanceerde tandheelkundige technologie om onze pati\u00ebnten de beste service en maximaalcomfort te bieden. Probeer onze meest geavanceerde Philips Zoom WhiteSpeed-bleeklamp, maak tot 8 tinten witter in 45 minuten.<\/p><a href=\"#tratamientos\" ><div class=\"arrow icon icon-arrows-right\"><\/div><\/a>\n\t\t\t\t\t<\/div>\n\t\t\t\t<\/div><div class=\"col-md-4 col-sm-12 \">\n\t\t\t\t\t<div class=\"service-single res-margin\">\n\t\t\t\t\t\t<div class=\"icon \"><\/div>\n\t\t\t\t\t\t<h3>Tandimplantaten en tandheelkundige chirurgie<\/h3>\n\t\t\t\t\t\t<p><img loading=\"lazy\" decoding=\"async\" class=\"aligncenter wp-image-465 size-medium\" title=\"Implantes en Cl\u00ednica Dental Altea\" src=\"https:\/\/www.clinicasaltea.com\/wp-content\/uploads\/2020\/03\/implante-e1701362858303-300x300.jpg\" alt=\"Implantes en Cl\u00ednica Dental Altea\" width=\"300\" height=\"300\" srcset=\"https:\/\/www.clinicasaltea.com\/wp-content\/uploads\/2020\/03\/implante-e1701362858303-300x300.jpg 300w, https:\/\/www.clinicasaltea.com\/wp-content\/uploads\/2020\/03\/implante-e1701362858303-150x150.jpg 150w, https:\/\/www.clinicasaltea.com\/wp-content\/uploads\/2020\/03\/implante-e1701362858303-100x100.jpg 100w, https:\/\/www.clinicasaltea.com\/wp-content\/uploads\/2020\/03\/implante-e1701362858303.jpg 484w\" sizes=\"auto, (max-width: 300px) 100vw, 300px\" \/><\/p>\n<p>Bij <strong>Cl\u00ednica Dental Altea<\/strong> gebruiken we de meest geavanceerde technologie voor tandheelkundige implantaatbehandelingen. Via een geleide operatieplaatsen we de schroef en de kroon zodat de pati\u00ebnt met de prothese op zijn plaats naar huis kan. Wij zorgen voor u vanaf dag \u00e9\u00e9n.<\/p>\n<div id=\"gtx-trans\" style=\"position: absolute; left: 21px; top: 334.308px;\">\n<div class=\"gtx-trans-icon\"><\/div>\n<\/div>\n<p><\/p><a href=\"#tratamientos\" ><div class=\"arrow icon icon-arrows-right\"><\/div><\/a>\n\t\t\t\t\t<\/div>\n\t\t\t\t<\/div><\/div>[vc_empty_space height=&#8221;50px&#8221;][vc_column_text]<\/p>\n<p style=\"text-align: center;\">No dude en explorar todos <a href=\"#tratamientos\"><strong>nuestros tratamientos<\/strong><\/a><\/p>\n<p>[\/vc_column_text][\/vc_column][\/vc_row]<\/p>\n<\/div>","protected":false},"excerpt":{"rendered":"<p>[vc_row][vc_column][\/vc_column][\/vc_row][vc_row][vc_column][vc_empty_space height=&#8221;50px&#8221;][vc_column_text] No dude en explorar todos nuestros tratamientos [\/vc_column_text][\/vc_column][\/vc_row]<\/p>\n","protected":false},"author":1,"featured_media":0,"parent":0,"menu_order":0,"comment_status":"closed","ping_status":"closed","template":"","meta":{"footnotes":""},"class_list":["post-1390","page","type-page","status-publish","hentry"],"aioseo_notices":[],"_links":{"self":[{"href":"https:\/\/www.clinicasaltea.com\/nl\/wp-json\/wp\/v2\/pages\/1390","targetHints":{"allow":["GET"]}}],"collection":[{"href":"https:\/\/www.clinicasaltea.com\/nl\/wp-json\/wp\/v2\/pages"}],"about":[{"href":"https:\/\/www.clinicasaltea.com\/nl\/wp-json\/wp\/v2\/types\/page"}],"author":[{"embeddable":true,"href":"https:\/\/www.clinicasaltea.com\/nl\/wp-json\/wp\/v2\/users\/1"}],"replies":[{"embeddable":true,"href":"https:\/\/www.clinicasaltea.com\/nl\/wp-json\/wp\/v2\/comments?post=1390"}],"version-history":[{"count":6,"href":"https:\/\/www.clinicasaltea.com\/nl\/wp-json\/wp\/v2\/pages\/1390\/revisions"}],"predecessor-version":[{"id":1421,"href":"https:\/\/www.clinicasaltea.com\/nl\/wp-json\/wp\/v2\/pages\/1390\/revisions\/1421"}],"wp:attachment":[{"href":"https:\/\/www.clinicasaltea.com\/nl\/wp-json\/wp\/v2\/media?parent=1390"}],"curies":[{"name":"wp","href":"https:\/\/api.w.org\/{rel}","templated":true}]}}