{"id":1463,"date":"2020-03-27T15:04:44","date_gmt":"2020-03-27T13:04:44","guid":{"rendered":"https:\/\/www.clinicasaltea.com\/tratamientos\/"},"modified":"2023-12-13T19:51:46","modified_gmt":"2023-12-13T17:51:46","slug":"tratamientos","status":"publish","type":"page","link":"https:\/\/www.clinicasaltea.com\/fr\/tratamientos\/","title":{"rendered":"Traitements"},"content":{"rendered":"<div class=\"wpb-content-wrapper\"><p>[vc_row][vc_column]<div class=\"row\"><div class=\"col-md-8 col-md-offset-2 col-xs-12\"><div class=\"section-title  text-center\"><h3>CLIQUEZ SUR CHAQUE IMAGE POUR VOIR LE SOIN<\/h3><h2>Traitements<\/h2><p>\u00c0 la Cl\u00ednica Dental Altea, nous effectuons tous les traitements dentaires, en nous concentrant toujours sur l&#8217;esth\u00e9tique et le bien-\u00eatre du patient.<\/p><\/div><\/div><\/div>[\/vc_column][\/vc_row][vc_row][vc_column]<div class=\"row\"><div class=\"portfolio-filters text-center col-sm-12\"><span data-filter=\"*\" class=\"active\">All<\/span><span data-filter=\".esthetique-dentaire\">Esth\u00e9tique dentaire<\/span><span data-filter=\".orthodontie\">Orthodontie<\/span><span data-filter=\".implantologie\">Implantologie<\/span><\/div><\/div><\/div><\/div><\/div><\/div><\/div><div class=\"container-fluid\"><div class=\"row portfolio-items clearfix\" data-on-line-lg=\"4\" data-on-line-md=\"4\" data-on-line-sm=\"4\" data-on-line-xs=\"2\">\n\t\t\t\t<div>\n\t\t\t\t\t<div class=\"portfolio-item orthodontie\">\n\t\t\t\t\t\t<div><img decoding=\"async\" src=\"https:\/\/www.clinicasaltea.com\/wp-content\/uploads\/2023\/12\/ORTODONCIA-INVISIBLE-e1701528430251.png\" alt=\"Orthodontie invisible\"><\/div>\n\t\t\t\t\t\t<div class=\"img-overlay valign\">\n\t\t\t\t\t\t\t<div class=\"overlay-info full-width vertical-center\"><h6>Orthodontie invisible<\/h6><p>Orthodontie<\/p><\/div>\n\t\t\t\t\t\t\t<div><a href=\"https:\/\/www.clinicasaltea.com\/fr\/portfolio\/ortodoncia-invisible\/\" data-rel=\"ortodoncia-invisible\"><\/a><\/div>\n\t\t\t\t\t\t<\/div>\n\t\t\t\t\t<\/div>\n\t\t\t\t<\/div>\n\t\t\t\t<div>\n\t\t\t\t\t<div class=\"portfolio-item implantologie\">\n\t\t\t\t\t\t<div><img decoding=\"async\" src=\"https:\/\/www.clinicasaltea.com\/wp-content\/uploads\/2023\/12\/implantes-all-on-four.jpg-e1701543459455.webp\" alt=\"Implants ALL-ON-4\u00ae\"><\/div>\n\t\t\t\t\t\t<div class=\"img-overlay valign\">\n\t\t\t\t\t\t\t<div class=\"overlay-info full-width vertical-center\"><h6>Implants ALL-ON-4\u00ae<\/h6><p>Implantologie<\/p><\/div>\n\t\t\t\t\t\t\t<div><a href=\"https:\/\/www.clinicasaltea.com\/fr\/portfolio\/implantes-all-on-four\/\" data-rel=\"implantes-all-on-four\"><\/a><\/div>\n\t\t\t\t\t\t<\/div>\n\t\t\t\t\t<\/div>\n\t\t\t\t<\/div>\n\t\t\t\t<div>\n\t\t\t\t\t<div class=\"portfolio-item esthetique-dentaire\">\n\t\t\t\t\t\t<div><img decoding=\"async\" src=\"https:\/\/www.clinicasaltea.com\/wp-content\/uploads\/2023\/11\/blanqueamiento-e1701362904436.jpg\" alt=\"Blanchiment dentaire\"><\/div>\n\t\t\t\t\t\t<div class=\"img-overlay valign\">\n\t\t\t\t\t\t\t<div class=\"overlay-info full-width vertical-center\"><h6>Blanchiment dentaire<\/h6><p>Esth\u00e9tique dentaire<\/p><\/div>\n\t\t\t\t\t\t\t<div><a href=\"https:\/\/www.clinicasaltea.com\/fr\/portfolio\/blanqueamiento\/\" data-rel=\"blanqueamiento\"><\/a><\/div>\n\t\t\t\t\t\t<\/div>\n\t\t\t\t\t<\/div>\n\t\t\t\t<\/div><\/div><div><div><div><div>[\/vc_column][\/vc_row]<\/p>\n<\/div>","protected":false},"excerpt":{"rendered":"<p>[vc_row][vc_column][\/vc_column][\/vc_row][vc_row][vc_column][\/vc_column][\/vc_row]<\/p>\n","protected":false},"author":1,"featured_media":0,"parent":0,"menu_order":0,"comment_status":"closed","ping_status":"closed","template":"","meta":{"footnotes":""},"class_list":["post-1463","page","type-page","status-publish","hentry"],"aioseo_notices":[],"_links":{"self":[{"href":"https:\/\/www.clinicasaltea.com\/fr\/wp-json\/wp\/v2\/pages\/1463","targetHints":{"allow":["GET"]}}],"collection":[{"href":"https:\/\/www.clinicasaltea.com\/fr\/wp-json\/wp\/v2\/pages"}],"about":[{"href":"https:\/\/www.clinicasaltea.com\/fr\/wp-json\/wp\/v2\/types\/page"}],"author":[{"embeddable":true,"href":"https:\/\/www.clinicasaltea.com\/fr\/wp-json\/wp\/v2\/users\/1"}],"replies":[{"embeddable":true,"href":"https:\/\/www.clinicasaltea.com\/fr\/wp-json\/wp\/v2\/comments?post=1463"}],"version-history":[{"count":1,"href":"https:\/\/www.clinicasaltea.com\/fr\/wp-json\/wp\/v2\/pages\/1463\/revisions"}],"predecessor-version":[{"id":1468,"href":"https:\/\/www.clinicasaltea.com\/fr\/wp-json\/wp\/v2\/pages\/1463\/revisions\/1468"}],"wp:attachment":[{"href":"https:\/\/www.clinicasaltea.com\/fr\/wp-json\/wp\/v2\/media?parent=1463"}],"curies":[{"name":"wp","href":"https:\/\/api.w.org\/{rel}","templated":true}]}}