{"id":1392,"date":"2020-03-27T14:37:19","date_gmt":"2020-03-27T12:37:19","guid":{"rendered":"https:\/\/www.clinicasaltea.com\/tecnologia\/"},"modified":"2023-12-13T18:13:03","modified_gmt":"2023-12-13T16:13:03","slug":"tecnologia","status":"publish","type":"page","link":"https:\/\/www.clinicasaltea.com\/fr\/tecnologia\/","title":{"rendered":"Technologie"},"content":{"rendered":"<div class=\"wpb-content-wrapper\"><p>[vc_row][vc_column]<div class=\"row\"><div class=\"col-md-8 col-md-offset-2 col-xs-12\"><div class=\"section-title  text-center\"><h3>TECHNOLOGIE DENTAIRE<\/h3><h2>La clinique la plus avanc\u00e9e d\u2019Alicante<\/h2><p>Nous sommes l&#8217;une des cliniques dentaires <strong>les plus avanc\u00e9es<\/strong>, travaillant pour des patients de toute l&#8217;Europe.<\/p><\/div><\/div><\/div>[\/vc_column][\/vc_row][vc_row][vc_column]<div class=\"row\" ><div class=\"col-md-4 col-sm-12 \">\n\t\t\t\t\t<div class=\"service-single res-margin\">\n\t\t\t\t\t\t<div class=\"icon \"><\/div>\n\t\t\t\t\t\t<h3>Orthodontie invisible par scanner intra-oral<\/h3>\n\t\t\t\t\t\t<p><img loading=\"lazy\" decoding=\"async\" class=\"size-medium wp-image-606 aligncenter\" src=\"https:\/\/www.clinicasaltea.com\/wp-content\/uploads\/2023\/12\/alineadores-e1701555619769-300x300.jpg\" alt=\"\" width=\"300\" height=\"300\" srcset=\"https:\/\/www.clinicasaltea.com\/wp-content\/uploads\/2023\/12\/alineadores-e1701555619769-300x300.jpg 300w, https:\/\/www.clinicasaltea.com\/wp-content\/uploads\/2023\/12\/alineadores-e1701555619769-150x150.jpg 150w, https:\/\/www.clinicasaltea.com\/wp-content\/uploads\/2023\/12\/alineadores-e1701555619769-100x100.jpg 100w, https:\/\/www.clinicasaltea.com\/wp-content\/uploads\/2023\/12\/alineadores-e1701555619769.jpg 463w\" sizes=\"auto, (max-width: 300px) 100vw, 300px\" \/><\/p>\n<p>Nous sommes sp\u00e9cialistes de l&#8217;orthodontie invisible avec les syst\u00e8mes Spark ou Invisalign<sup>TM<\/sup>. Avec notre scanner intra-oral iTero<sup>TM<\/sup> nous sommes enmesure de r\u00e9aliser une reconstruction tridimensionnelle de votre bouche qui nous permettra de poser un diagnostic efficace afin que tous nos casr\u00e9ussissent.<\/p><a href=\"#tratamientos\" ><div class=\"arrow icon icon-arrows-right\"><\/div><\/a>\n\t\t\t\t\t<\/div>\n\t\t\t\t<\/div><div class=\"col-md-4 col-sm-12 \">\n\t\t\t\t\t<div class=\"service-single res-margin\">\n\t\t\t\t\t\t<div class=\"icon \"><\/div>\n\t\t\t\t\t\t<h3>Blanchiment des dents professionnel Philips Zoom<\/h3>\n\t\t\t\t\t\t<p><img loading=\"lazy\" decoding=\"async\" class=\"size-medium wp-image-480 aligncenter\" src=\"https:\/\/www.clinicasaltea.com\/wp-content\/uploads\/2023\/11\/blanqueamiento-e1701362904436-300x300.jpg\" alt=\"\" width=\"300\" height=\"300\" srcset=\"https:\/\/www.clinicasaltea.com\/wp-content\/uploads\/2023\/11\/blanqueamiento-e1701362904436-300x300.jpg 300w, https:\/\/www.clinicasaltea.com\/wp-content\/uploads\/2023\/11\/blanqueamiento-e1701362904436-150x150.jpg 150w, https:\/\/www.clinicasaltea.com\/wp-content\/uploads\/2023\/11\/blanqueamiento-e1701362904436-100x100.jpg 100w, https:\/\/www.clinicasaltea.com\/wp-content\/uploads\/2023\/11\/blanqueamiento-e1701362904436.jpg 375w\" sizes=\"auto, (max-width: 300px) 100vw, 300px\" \/><\/p>\n<p>\u00c0 la <strong>Cl\u00ednica Dental Altea,<\/strong> nous utilisons la derni\u00e8re g\u00e9n\u00e9ration de technologie dentaire avanc\u00e9e pour offrir le meilleur service et un confort maximal \u00e0 nospatients. Essayez notre lampe de blanchiment Philips Zoom WhiteSpeed la plus avanc\u00e9e, blanchissez jusqu&#8217;\u00e0 8 nuances en 45 minutes.<\/p><a href=\"#tratamientos\" ><div class=\"arrow icon icon-arrows-right\"><\/div><\/a>\n\t\t\t\t\t<\/div>\n\t\t\t\t<\/div><div class=\"col-md-4 col-sm-12 \">\n\t\t\t\t\t<div class=\"service-single res-margin\">\n\t\t\t\t\t\t<div class=\"icon \"><\/div>\n\t\t\t\t\t\t<h3>Implants dentaires et chirurgie dentaire<\/h3>\n\t\t\t\t\t\t<p><img loading=\"lazy\" decoding=\"async\" class=\"aligncenter wp-image-465 size-medium\" title=\"Implantes en Cl\u00ednica Dental Altea\" src=\"https:\/\/www.clinicasaltea.com\/wp-content\/uploads\/2020\/03\/implante-e1701362858303-300x300.jpg\" alt=\"Implantes en Cl\u00ednica Dental Altea\" width=\"300\" height=\"300\" srcset=\"https:\/\/www.clinicasaltea.com\/wp-content\/uploads\/2020\/03\/implante-e1701362858303-300x300.jpg 300w, https:\/\/www.clinicasaltea.com\/wp-content\/uploads\/2020\/03\/implante-e1701362858303-150x150.jpg 150w, https:\/\/www.clinicasaltea.com\/wp-content\/uploads\/2020\/03\/implante-e1701362858303-100x100.jpg 100w, https:\/\/www.clinicasaltea.com\/wp-content\/uploads\/2020\/03\/implante-e1701362858303.jpg 484w\" sizes=\"auto, (max-width: 300px) 100vw, 300px\" \/><\/p>\n<p>Chez Cl\u00ednica Dental Altea, nous utilisons la technologie la plus avanc\u00e9e pour les traitements d&#8217;implants dentaires. Gr\u00e2ce \u00e0 une chirurgie guid\u00e9e, nouspla\u00e7ons la vis et la couronne afin que le patient puisse rentrer chez lui avec la proth\u00e8se en place. Nous prenons soin de vous d\u00e8s le premier jour.<\/p><a href=\"#tratamientos\" ><div class=\"arrow icon icon-arrows-right\"><\/div><\/a>\n\t\t\t\t\t<\/div>\n\t\t\t\t<\/div><\/div>[vc_empty_space height=&#8221;50px&#8221;][vc_column_text]<\/p>\n<p style=\"text-align: center;\">No dude en explorar todos <a href=\"#tratamientos\"><strong>nuestros tratamientos<\/strong><\/a><\/p>\n<p>[\/vc_column_text][\/vc_column][\/vc_row]<\/p>\n<\/div>","protected":false},"excerpt":{"rendered":"<p>[vc_row][vc_column][\/vc_column][\/vc_row][vc_row][vc_column][vc_empty_space height=&#8221;50px&#8221;][vc_column_text] No dude en explorar todos nuestros tratamientos [\/vc_column_text][\/vc_column][\/vc_row]<\/p>\n","protected":false},"author":1,"featured_media":0,"parent":0,"menu_order":0,"comment_status":"closed","ping_status":"closed","template":"","meta":{"footnotes":""},"class_list":["post-1392","page","type-page","status-publish","hentry"],"aioseo_notices":[],"_links":{"self":[{"href":"https:\/\/www.clinicasaltea.com\/fr\/wp-json\/wp\/v2\/pages\/1392","targetHints":{"allow":["GET"]}}],"collection":[{"href":"https:\/\/www.clinicasaltea.com\/fr\/wp-json\/wp\/v2\/pages"}],"about":[{"href":"https:\/\/www.clinicasaltea.com\/fr\/wp-json\/wp\/v2\/types\/page"}],"author":[{"embeddable":true,"href":"https:\/\/www.clinicasaltea.com\/fr\/wp-json\/wp\/v2\/users\/1"}],"replies":[{"embeddable":true,"href":"https:\/\/www.clinicasaltea.com\/fr\/wp-json\/wp\/v2\/comments?post=1392"}],"version-history":[{"count":5,"href":"https:\/\/www.clinicasaltea.com\/fr\/wp-json\/wp\/v2\/pages\/1392\/revisions"}],"predecessor-version":[{"id":1417,"href":"https:\/\/www.clinicasaltea.com\/fr\/wp-json\/wp\/v2\/pages\/1392\/revisions\/1417"}],"wp:attachment":[{"href":"https:\/\/www.clinicasaltea.com\/fr\/wp-json\/wp\/v2\/media?parent=1392"}],"curies":[{"name":"wp","href":"https:\/\/api.w.org\/{rel}","templated":true}]}}