{"id":1379,"date":"2020-04-03T16:22:51","date_gmt":"2020-04-03T14:22:51","guid":{"rendered":"https:\/\/www.clinicasaltea.com\/clinica\/"},"modified":"2023-12-13T17:27:53","modified_gmt":"2023-12-13T15:27:53","slug":"clinica","status":"publish","type":"page","link":"https:\/\/www.clinicasaltea.com\/fr\/clinica\/","title":{"rendered":"Clinique"},"content":{"rendered":"<div class=\"wpb-content-wrapper\"><p>[vc_row][vc_column width=&#8221;5\/12&#8243; el_class=&#8221;res-margin&#8221;]<div class=\"section-title  text-left\"><h3>D\u00c9COUVREZ LA CLINIQUE DENTAIRE ALTEA<\/h3><h2>Votre clinique de confiance \u00e0 Altea la Vella<\/h2><\/div>[vc_empty_space height=&#8221;10px&#8221;][vc_column_text]La <strong>Clinica Dental Altea<\/strong> utilise la technologie la plus avanc\u00e9e et innovante dans le domaine de la dentisterie. Notre \u00e9quipe sp\u00e9cialis\u00e9e vous assistera de lamani\u00e8re la plus aimable et la plus prudente.<\/p>\n<p>Nos horaires d&#8217;ouverture sont du lundi au jeudi de 10h00 \u00e0 19h00 et le vendredi de 10h00 \u00e0 14h00.<\/p>\n<p>Visitez-nous au Crta.Callosa 21, Altea la Vella | Alicante<\/p>\n<p>Nous disposons d&#8217;un parking pour nos patients dans le quartier.<\/p>\n<ul>\n<li>We speak English &#x1f1ec;&#x1f1e7;&#x1f1fa;&#x1f1f8;<\/li>\n<li>Wij spreken Nederlands &#x1f1f3;&#x1f1f1;&#x1f1e7;&#x1f1ea;<\/li>\n<li>Wir sprechen Deutsch &#x1f1e9;&#x1f1ea;&#x1f1e8;&#x1f1ed;<\/li>\n<li>\u041c\u044b \u0433\u043e\u0432\u043e\u0440\u0438\u043c \u043f\u043e-\u0440\u0443\u0441\u0441\u043a\u0438 &#x1f1f7;&#x1f1fa;&#x1f1fa;&#x1f1e6;<\/li>\n<\/ul>\n<p>[\/vc_column_text][\/vc_column][vc_column width=&#8221;7\/12&#8243;][vc_single_image image=&#8221;424&#8243; img_size=&#8221;full&#8221; add_caption=&#8221;yes&#8221; el_class=&#8221;mission-img mission-one&#8221;][vc_single_image image=&#8221;426&#8243; img_size=&#8221;full&#8221; el_class=&#8221;mission-img mission-two&#8221;][vc_single_image image=&#8221;229&#8243; img_size=&#8221;full&#8221; el_class=&#8221;mission-dot&#8221;][\/vc_column][\/vc_row]<\/p>\n<\/div>","protected":false},"excerpt":{"rendered":"<p>[vc_row][vc_column width=&#8221;5\/12&#8243; el_class=&#8221;res-margin&#8221;][vc_empty_space height=&#8221;10px&#8221;][vc_column_text]La Clinica Dental Altea utilise la technologie la plus avanc\u00e9e et innovante dans le domaine de la dentisterie. Notre \u00e9quipe sp\u00e9cialis\u00e9e vous assistera de lamani\u00e8re la plus aimable et la plus prudente. Nos horaires d&#8217;ouverture sont du lundi au jeudi de 10h00 \u00e0 19h00 et le vendredi de 10h00 \u00e0 14h00. Visitez-nous [&hellip;]<\/p>\n","protected":false},"author":1,"featured_media":0,"parent":0,"menu_order":0,"comment_status":"closed","ping_status":"closed","template":"","meta":{"footnotes":""},"class_list":["post-1379","page","type-page","status-publish","hentry"],"aioseo_notices":[],"_links":{"self":[{"href":"https:\/\/www.clinicasaltea.com\/fr\/wp-json\/wp\/v2\/pages\/1379","targetHints":{"allow":["GET"]}}],"collection":[{"href":"https:\/\/www.clinicasaltea.com\/fr\/wp-json\/wp\/v2\/pages"}],"about":[{"href":"https:\/\/www.clinicasaltea.com\/fr\/wp-json\/wp\/v2\/types\/page"}],"author":[{"embeddable":true,"href":"https:\/\/www.clinicasaltea.com\/fr\/wp-json\/wp\/v2\/users\/1"}],"replies":[{"embeddable":true,"href":"https:\/\/www.clinicasaltea.com\/fr\/wp-json\/wp\/v2\/comments?post=1379"}],"version-history":[{"count":1,"href":"https:\/\/www.clinicasaltea.com\/fr\/wp-json\/wp\/v2\/pages\/1379\/revisions"}],"predecessor-version":[{"id":1387,"href":"https:\/\/www.clinicasaltea.com\/fr\/wp-json\/wp\/v2\/pages\/1379\/revisions\/1387"}],"wp:attachment":[{"href":"https:\/\/www.clinicasaltea.com\/fr\/wp-json\/wp\/v2\/media?parent=1379"}],"curies":[{"name":"wp","href":"https:\/\/api.w.org\/{rel}","templated":true}]}}