{"id":1693,"date":"2020-03-27T15:06:55","date_gmt":"2020-03-27T13:06:55","guid":{"rendered":"https:\/\/www.clinicasaltea.com\/turismo-dental\/"},"modified":"2024-09-19T10:30:11","modified_gmt":"2024-09-19T08:30:11","slug":"turismo-dental","status":"publish","type":"page","link":"https:\/\/www.clinicasaltea.com\/en\/turismo-dental\/","title":{"rendered":"Dental Tourism"},"content":{"rendered":"<div class=\"wpb-content-wrapper\"><p>[vc_row css=&#8221;.vc_custom_1703069086089{margin-top: -80px !important;}&#8221;][vc_column]<div class=\"row\"><div class=\"col-md-8 col-md-offset-2 col-xs-12\"><div class=\"section-title  text-center\"><h3>One week treatment package in a 5 star Hotel<\/h3><h2>Enjoy the Costa Blanca and take care of your teeth<\/h2><p>Enjoy one of the most beautiful coasts in Spain, its gastronomy and the most advanced dental treatment at the best price.<\/p><\/div><\/div><\/div>[\/vc_column][\/vc_row][vc_row][vc_column width=&#8221;1\/2&#8243;][vc_empty_space height=&#8221;25px&#8221; el_class=&#8221;hidden-xs&#8221;][vc_single_image image=&#8221;1514&#8243; img_size=&#8221;full&#8221;][vc_empty_space height=&#8221;10px&#8221;][vc_column_text]<div class='weather-atlas-wrapper' style='background:rgb(69,202,249);border:1px solid rgba(52, 185, 232, 1);color:#fff;'><div class='weather-atlas-header' style='border-bottom:1px solid rgba(52, 185, 232, 1)'>Altea, ES<\/div><div class='weather-atlas-body'><div class='current_temp'><i class='wi wi-fw wi-weather-32'><\/i><span class='temp'>21\u00b0<\/span><div class='current_text'>Sunny<\/div><\/div><\/div><div class='weather-atlas-footer' style='border-top:1px solid rgba(52, 185, 232, 1)'><a href='https:\/\/www.weather-atlas.com\/en\/spain\/altea-climate' title='Altea, ES - Climate' style='color:#fff'><span class='weather-atlas-footer-block'>Altea, ES<\/span> climate &#9656;<\/a><\/div><\/div>\n<div id=\"gtx-trans\" style=\"position: absolute; left: -39px; top: -16.7019px;\">\n<div class=\"gtx-trans-icon\"><\/div>\n<\/div>\n<p>[\/vc_column_text][vc_video link=&#8221;https:\/\/www.youtube.com\/watch?v=YafcU3Q1APQ&#8221; title=&#8221;Hotel SH Villa Gadea *****&#8221;][\/vc_column][vc_column width=&#8221;1\/2&#8243;]<div class=\"faq-support\"><div class=\"panel-group\" id=\"accordion1\" ><div class=\"panel\">\n\t\t\t\t\t<div class=\"panel-heading\"><h4 class=\"panel-title\"><a href=\"#collapse1\" data-toggle=\"collapse\" data-parent=\"#accordion1\" >What does our dental tourism package include?<\/a><\/h4><\/div>\n\t\t\t\t\t<div id=\"collapse1\" class=\"panel-collapse collapse in\">\n\t\t\t\t\t\t<div class=\"panel-body\"><p><\/p>\n<ul>\n<li>Stay at the 5-star SH Villa Gadea Hotel next to the sea and the clinic<\/li>\n<li>Daily breakfast<\/li>\n<li>Pick-up and transfer to Alicante airport<\/li>\n<li>Pick-up and transfer to the clinic. The waiting room is your hotel!<\/li>\n<li>Deals with Restaurants, Golf Courses&#8230; the important thing is to enjoy<\/li>\n<li>And of course, your advanced dental treatment at our clinic<\/li>\n<\/ul>\n<p><\/p><\/div>\n\t\t\t\t\t<\/div>\n\t\t\t\t<\/div><div class=\"panel\">\n\t\t\t\t\t<div class=\"panel-heading\"><h4 class=\"panel-title\"><a href=\"#collapse2\" data-toggle=\"collapse\" data-parent=\"#accordion1\" class=\"collapsed\">What are the prerequisites?<\/a><\/h4><\/div>\n\t\t\t\t\t<div id=\"collapse2\" class=\"panel-collapse collapse \">\n\t\t\t\t\t\t<div class=\"panel-body\"><p>In order to give you a price for your treatment, we recommend that you send us the following:<\/p>\n<ol>\n<li>Panoramic X-ray.<\/li>\n<li>CT scan<\/li>\n<li>Age, chronic illnesses, major surgeries in the last year, current medication, allergies, addictions.<\/li>\n<\/ol>\n<p><\/p><\/div>\n\t\t\t\t\t<\/div>\n\t\t\t\t<\/div><div class=\"panel\">\n\t\t\t\t\t<div class=\"panel-heading\"><h4 class=\"panel-title\"><a href=\"#collapse3\" data-toggle=\"collapse\" data-parent=\"#accordion1\" class=\"collapsed\">What is my treatment plan?<\/a><\/h4><\/div>\n\t\t\t\t\t<div id=\"collapse3\" class=\"panel-collapse collapse \">\n\t\t\t\t\t\t<div class=\"panel-body\"><p>We offer various treatments in the dental tourism package. As an example, the treatment plan for dental implants is usually as follows:<\/p>\n<ul>\n<li>1st visit to the clinic, confirmation of the budget, signing of consents, performance of the surgery and taking measurements for a temporary prosthesis.<\/li>\n<li>2nd visit, the following day, check-up and placement of provisional prostheses.<\/li>\n<li>3rd visit, 6 days later, check-up and removal of stitches.<\/li>\n<\/ul>\n<p>Total days according to treatment: <strong>7 to 14 days<\/strong><\/p>\n<p>The packages are usually carried out from Monday to Sunday, however you can consult with us about the option of staying longer to extend your stay.<\/p>\n<p>The times may vary depending on the conditions of each patient. After three months, the definitive prosthesis will be placed.<\/p>\n<p>Consult with us the dates that best suit you.<\/p>\n<div id=\"gtx-trans\" style=\"position: absolute; left: 239px; top: 277.526px;\">\n<div class=\"gtx-trans-icon\"><\/div>\n<\/div>\n<p><\/p><\/div>\n\t\t\t\t\t<\/div>\n\t\t\t\t<\/div><div class=\"panel\">\n\t\t\t\t\t<div class=\"panel-heading\"><h4 class=\"panel-title\"><a href=\"#collapse4\" data-toggle=\"collapse\" data-parent=\"#accordion1\" class=\"collapsed\">Is there a guarantee?<\/a><\/h4><\/div>\n\t\t\t\t\t<div id=\"collapse4\" class=\"panel-collapse collapse \">\n\t\t\t\t\t\t<div class=\"panel-body\"><p>All our treatments are guaranteed, please ask at our clinic.<\/p><\/div>\n\t\t\t\t\t<\/div>\n\t\t\t\t<\/div><div class=\"panel\">\n\t\t\t\t\t<div class=\"panel-heading\"><h4 class=\"panel-title\"><a href=\"#collapse5\" data-toggle=\"collapse\" data-parent=\"#accordion1\" class=\"collapsed\">How much does my treatment cost?<\/a><\/h4><\/div>\n\t\t\t\t\t<div id=\"collapse5\" class=\"panel-collapse collapse \">\n\t\t\t\t\t\t<div class=\"panel-body\"><p>Please send us your details in the form below and we will send you a detailed quote. You can also make an appointment by phone in your language.<\/p><\/div>\n\t\t\t\t\t<\/div>\n\t\t\t\t<\/div><\/div><\/div>[vc_empty_space][vc_row_inner content_placement=&#8221;middle&#8221;][vc_column_inner]<a href=\"https:\/\/www.clinicasaltea.com\/cita\/index.php?provider=2&#038;service=8\"  target=\"_blank\" class=\"btn btn-default btn-rounded\"> <i class=\"fas fa-phone-alt\"><\/i>Book a free phone appointment<\/a>[vc_empty_space]\n<div class=\"wpcf7 no-js\" id=\"wpcf7-f1699-o1\" lang=\"en-US\" dir=\"ltr\" data-wpcf7-id=\"1699\">\n<div class=\"screen-reader-response\"><p role=\"status\" aria-live=\"polite\" aria-atomic=\"true\"><\/p> <ul><\/ul><\/div>\n<form action=\"\/en\/wp-json\/wp\/v2\/pages\/1693#wpcf7-f1699-o1\" method=\"post\" class=\"wpcf7-form init\" aria-label=\"Contact form\" enctype=\"multipart\/form-data\" novalidate=\"novalidate\" data-status=\"init\">\n<fieldset class=\"hidden-fields-container\"><input type=\"hidden\" name=\"_wpcf7\" value=\"1699\" \/><input type=\"hidden\" name=\"_wpcf7_version\" value=\"6.1.5\" \/><input type=\"hidden\" name=\"_wpcf7_locale\" value=\"en_US\" \/><input type=\"hidden\" name=\"_wpcf7_unit_tag\" value=\"wpcf7-f1699-o1\" \/><input type=\"hidden\" name=\"_wpcf7_container_post\" value=\"0\" \/><input type=\"hidden\" name=\"_wpcf7_posted_data_hash\" value=\"\" \/><input type=\"hidden\" name=\"_wpcf7_recaptcha_response\" value=\"\" \/>\n<\/fieldset>\n<div class=\"field\">\n\t<p><span class=\"wpcf7-form-control-wrap\" data-name=\"your-name\"><input size=\"40\" maxlength=\"400\" class=\"wpcf7-form-control wpcf7-text wpcf7-validates-as-required\" aria-required=\"true\" aria-invalid=\"false\" placeholder=\"Name\" value=\"\" type=\"text\" name=\"your-name\" \/><\/span>\n\t<\/p>\n<\/div>\n<div class=\"field\">\n\t<p><span class=\"wpcf7-form-control-wrap\" data-name=\"your-email\"><input size=\"40\" maxlength=\"400\" class=\"wpcf7-form-control wpcf7-email wpcf7-validates-as-required wpcf7-text wpcf7-validates-as-email\" aria-required=\"true\" aria-invalid=\"false\" placeholder=\"E-mail\" value=\"\" type=\"email\" name=\"your-email\" \/><\/span>\n\t<\/p>\n<\/div>\n<div class=\"field\">\n\t<p><span class=\"wpcf7-form-control-wrap\" data-name=\"your-phone\"><input size=\"40\" maxlength=\"400\" class=\"wpcf7-form-control wpcf7-tel wpcf7-validates-as-required wpcf7-text wpcf7-validates-as-tel\" aria-required=\"true\" aria-invalid=\"false\" placeholder=\"Phone\" value=\"\" type=\"tel\" name=\"your-phone\" \/><\/span>\n\t<\/p>\n<\/div>\n<div class=\"field\">\n\t<p><span class=\"wpcf7-form-control-wrap\" data-name=\"your-message\"><textarea cols=\"40\" rows=\"10\" maxlength=\"2000\" class=\"wpcf7-form-control wpcf7-textarea\" aria-invalid=\"false\" placeholder=\"Message (optional)\" name=\"your-message\"><\/textarea><\/span>\n\t<\/p>\n<\/div>\n<div class=\"field\">\n\t<p><span class=\"wpcf7-form-control-wrap\" data-name=\"file-873\"><input size=\"40\" class=\"wpcf7-form-control wpcf7-file\" accept=\"audio\/*,video\/*,image\/*\" aria-invalid=\"false\" type=\"file\" name=\"file-873\" \/><\/span>\n\t<\/p>\n<\/div>\t\n\n<!-- \n<div style=\"text-align: center;\">\n[cf7ic]\n<\/div>\t\n-->\n<div>\n<\/div>\n<div style=\"margin-top: 25px;\">\n\t<p><input class=\"wpcf7-form-control wpcf7-submit has-spinner btn btn-default\" type=\"submit\" value=\"&#xf1d8;&nbsp; Send message\" \/>\n\t<\/p>\n<\/div>\n<p><a href=\"javascript:void(0);\" onClick=\"toggleHidden('#info')\"><br \/>\nInformaci\u00f3n b\u00e1sica sobre Protecci\u00f3n de Datos<br \/>\n<\/a><br \/>\n<script>\n function toggleHidden(selector) {\n element = document.querySelector(selector);\n element.hidden = element.hidden ? false : true;\n }\n<\/script>\n<\/p>\n<div id=\"info\" hidden>\n\t<li style=\"font-size: 12px\">\n\t\t<p>Responsable del Tratamiento: RIVAS JIMENEZ DENTAL, S.L.\n\t\t<\/p>\n\t<\/li>\n\t<li style=\"font-size: 12px\">\n\t\t<p>Finalidades del Tratamiento: usaremos tus datos para agendar alguna visita y atender tus dudas, consultas y sugerencias.\n\t\t<\/p>\n\t<\/li>\n\t<li style=\"font-size: 12px\">\n\t\t<p>Derechos de los interesados: Puede ejercer sus derechos de acceso, rectificaci\u00f3n, supresi\u00f3n y portabilidad de sus datos, de limitaci\u00f3n y oposici\u00f3n a su tratamiento en info@clinicasaltea.com\n\t\t<\/p>\n\t<\/li>\n\t<li style=\"font-size: 12px\">\n\t\t<p>M\u00e1s informaci\u00f3n: en nuestra <a href=\"files\/RJD_POLITICA DE PRIVACIDAD.pdf\" target=\"_blank\" style=\"font-size: 12px\">pol\u00edtica de privacidad<\/a>\n\t\t<\/p>\n\t<\/li>\n<\/div><div class=\"wpcf7-response-output\" aria-hidden=\"true\"><\/div>\n<\/form>\n<\/div>\n[\/vc_column_inner][\/vc_row_inner][\/vc_column][\/vc_row]<\/p>\n<\/div>","protected":false},"excerpt":{"rendered":"<p>[vc_row css=&#8221;.vc_custom_1703069086089{margin-top: -80px !important;}&#8221;][vc_column][\/vc_column][\/vc_row][vc_row][vc_column width=&#8221;1\/2&#8243;][vc_empty_space height=&#8221;25px&#8221; el_class=&#8221;hidden-xs&#8221;][vc_single_image image=&#8221;1514&#8243; img_size=&#8221;full&#8221;][vc_empty_space height=&#8221;10px&#8221;][vc_column_text] [\/vc_column_text][vc_video link=&#8221;https:\/\/www.youtube.com\/watch?v=YafcU3Q1APQ&#8221; title=&#8221;Hotel SH Villa Gadea *****&#8221;][\/vc_column][vc_column width=&#8221;1\/2&#8243;][vc_empty_space][vc_row_inner content_placement=&#8221;middle&#8221;][vc_column_inner][vc_empty_space][\/vc_column_inner][\/vc_row_inner][\/vc_column][\/vc_row]<\/p>\n","protected":false},"author":1,"featured_media":1609,"parent":0,"menu_order":2,"comment_status":"closed","ping_status":"closed","template":"","meta":{"footnotes":""},"class_list":["post-1693","page","type-page","status-publish","has-post-thumbnail","hentry"],"aioseo_notices":[],"_links":{"self":[{"href":"https:\/\/www.clinicasaltea.com\/en\/wp-json\/wp\/v2\/pages\/1693","targetHints":{"allow":["GET"]}}],"collection":[{"href":"https:\/\/www.clinicasaltea.com\/en\/wp-json\/wp\/v2\/pages"}],"about":[{"href":"https:\/\/www.clinicasaltea.com\/en\/wp-json\/wp\/v2\/types\/page"}],"author":[{"embeddable":true,"href":"https:\/\/www.clinicasaltea.com\/en\/wp-json\/wp\/v2\/users\/1"}],"replies":[{"embeddable":true,"href":"https:\/\/www.clinicasaltea.com\/en\/wp-json\/wp\/v2\/comments?post=1693"}],"version-history":[{"count":6,"href":"https:\/\/www.clinicasaltea.com\/en\/wp-json\/wp\/v2\/pages\/1693\/revisions"}],"predecessor-version":[{"id":1700,"href":"https:\/\/www.clinicasaltea.com\/en\/wp-json\/wp\/v2\/pages\/1693\/revisions\/1700"}],"wp:featuredmedia":[{"embeddable":true,"href":"https:\/\/www.clinicasaltea.com\/en\/wp-json\/wp\/v2\/media\/1609"}],"wp:attachment":[{"href":"https:\/\/www.clinicasaltea.com\/en\/wp-json\/wp\/v2\/media?parent=1693"}],"curies":[{"name":"wp","href":"https:\/\/api.w.org\/{rel}","templated":true}]}}