{"id":1354,"date":"2020-03-27T14:59:57","date_gmt":"2020-03-27T12:59:57","guid":{"rendered":"https:\/\/www.clinicasaltea.com\/contact\/"},"modified":"2023-12-13T17:04:12","modified_gmt":"2023-12-13T15:04:12","slug":"contact","status":"publish","type":"page","link":"https:\/\/www.clinicasaltea.com\/en\/contact\/","title":{"rendered":"Contact"},"content":{"rendered":"<div class=\"wpb-content-wrapper\"><p>[vc_row][vc_column]<div class=\"row\"><div class=\"col-md-8 col-md-offset-2 col-xs-12\"><div class=\"section-title  text-center\"><h3>YOU CAN CONTACT US BY ANY OF THESE MEANS<\/h3><h2>Contact<\/h2><p><em>Hablamos Espa\u00f1ol &#x1f1ea;&#x1f1f8; | We speak English <\/em>&#x1f1ec;&#x1f1e7;&#x1f1fa;&#x1f1f8; <em>| Wij spreken Nederlands <\/em>&#x1f1f3;&#x1f1f1;&#x1f1e7;&#x1f1ea;<em> | Wir sprechen Deutsch <\/em>&#x1f1e9;&#x1f1ea;&#x1f1e8;&#x1f1ed;<em> | \u041c\u044b \u0433\u043e\u0432\u043e\u0440\u0438\u043c \u043f\u043e-\u0440\u0443\u0441\u0441\u043a\u0438 <\/em>&#x1f1f7;&#x1f1fa;&#x1f1fa;&#x1f1e6;<\/p><\/div><\/div><\/div>[\/vc_column][\/vc_row][vc_row][vc_column width=&#8221;1\/2&#8243; el_class=&#8221;res-margin&#8221;][vc_column_text el_class=&#8221;contact-title&#8221;]<\/p>\n<h3>These are our contact details:<\/h3>\n<div id=\"gtx-trans\" style=\"position: absolute; left: 162px; top: -7.90385px;\">\n<div class=\"gtx-trans-icon\"><\/div>\n<\/div>\n<p>[\/vc_column_text]<div class=\"contact-info\" ><div class=\"contact-content clearfix\">\n\t\t\t\t\t<div class=\"icon icon-basic-map\"><\/div><div class=\"contact-text\"><h4>Clinic Address<\/h4><p>Crta. Callosa 21<br \/>\n03599 Altea la Vella (Alicante) &#8211; Espa\u00f1a<\/p><\/div>\n\t\t\t\t<\/div><div class=\"contact-content clearfix\">\n\t\t\t\t\t<div class=\"icon icon-basic-smartphone\"><\/div><div class=\"contact-text\"><h4>Phones<\/h4><p><\/p>\n<ul>\n<li>(+34) 966 88 48 95 &#x1f1ea;&#x1f1f8; &#x1f1ec;&#x1f1e7; &#x1f1f3;&#x1f1f1; &#x1f1e9;&#x1f1ea;<\/li>\n<li><a href=\"https:\/\/api.whatsapp.com\/send?phone=34652608050\">(+34) 652 60 80 50 &#x1f1ea;&#x1f1f8; &#x1f1ec;&#x1f1e7; &#x1f1f3;&#x1f1f1; &#x1f1e9;&#x1f1ea; <img loading=\"lazy\" decoding=\"async\" class=\"alignnone wp-image-524 \" src=\"https:\/\/www.clinicasaltea.com\/wp-content\/uploads\/2023\/12\/WhatsApp.svg-e1701458081270-274x300.webp\" alt=\"\" width=\"20\" height=\"22\" srcset=\"https:\/\/www.clinicasaltea.com\/wp-content\/uploads\/2023\/12\/WhatsApp.svg-e1701458081270-274x300.webp 274w, https:\/\/www.clinicasaltea.com\/wp-content\/uploads\/2023\/12\/WhatsApp.svg-e1701458081270.webp 437w\" sizes=\"auto, (max-width: 20px) 100vw, 20px\" \/><\/a><\/li>\n<li><a href=\"https:\/\/api.whatsapp.com\/send?phone=34621034482\">(+34) 621 03 44 82 &#x1f1f7;&#x1f1fa; <\/a><a href=\"https:\/\/api.whatsapp.com\/send?phone=34621034482\"><img loading=\"lazy\" decoding=\"async\" class=\"alignnone wp-image-524 \" src=\"https:\/\/www.clinicasaltea.com\/wp-content\/uploads\/2023\/12\/WhatsApp.svg-e1701458081270-274x300.webp\" alt=\"\" width=\"20\" height=\"22\" srcset=\"https:\/\/www.clinicasaltea.com\/wp-content\/uploads\/2023\/12\/WhatsApp.svg-e1701458081270-274x300.webp 274w, https:\/\/www.clinicasaltea.com\/wp-content\/uploads\/2023\/12\/WhatsApp.svg-e1701458081270.webp 437w\" sizes=\"auto, (max-width: 20px) 100vw, 20px\" \/><\/a><\/li>\n<\/ul>\n<div id=\"gtx-trans\" style=\"position: absolute; left: 182px; top: 53.7812px;\">\n<div class=\"gtx-trans-icon\"><\/div>\n<\/div>\n<p><\/p><\/div>\n\t\t\t\t<\/div><div class=\"contact-content clearfix\">\n\t\t\t\t\t<div class=\"icon icon-basic-mail\"><\/div><div class=\"contact-text\"><h4>E-mail<\/h4><p>cita@clinicasaltea.com<\/p>\n<div id=\"gtx-trans\" style=\"position: absolute; left: -164px; top: 33.0673px;\">\n<div class=\"gtx-trans-icon\"><\/div>\n<\/div>\n<p><\/p><\/div>\n\t\t\t\t<\/div><\/div>[\/vc_column][vc_column width=&#8221;1\/2&#8243;]\n<div class=\"wpcf7 no-js\" id=\"wpcf7-f352-o1\" lang=\"en-US\" dir=\"ltr\" data-wpcf7-id=\"352\">\n<div class=\"screen-reader-response\"><p role=\"status\" aria-live=\"polite\" aria-atomic=\"true\"><\/p> <ul><\/ul><\/div>\n<form action=\"\/en\/wp-json\/wp\/v2\/pages\/1354#wpcf7-f352-o1\" method=\"post\" class=\"wpcf7-form init\" aria-label=\"Contact form\" novalidate=\"novalidate\" data-status=\"init\">\n<fieldset class=\"hidden-fields-container\"><input type=\"hidden\" name=\"_wpcf7\" value=\"352\" \/><input type=\"hidden\" name=\"_wpcf7_version\" value=\"6.1.5\" \/><input type=\"hidden\" name=\"_wpcf7_locale\" value=\"en_US\" \/><input type=\"hidden\" name=\"_wpcf7_unit_tag\" value=\"wpcf7-f352-o1\" \/><input type=\"hidden\" name=\"_wpcf7_container_post\" value=\"0\" \/><input type=\"hidden\" name=\"_wpcf7_posted_data_hash\" value=\"\" \/><input type=\"hidden\" name=\"_wpcf7_recaptcha_response\" value=\"\" \/>\n<\/fieldset>\n<div class=\"field\">\n\t<p><span class=\"wpcf7-form-control-wrap\" data-name=\"your-name\"><input size=\"40\" maxlength=\"400\" class=\"wpcf7-form-control wpcf7-text wpcf7-validates-as-required\" aria-required=\"true\" aria-invalid=\"false\" placeholder=\"Nombre\" value=\"\" type=\"text\" name=\"your-name\" \/><\/span>\n\t<\/p>\n<\/div>\n<div class=\"field\">\n\t<p><span class=\"wpcf7-form-control-wrap\" data-name=\"your-email\"><input size=\"40\" maxlength=\"400\" class=\"wpcf7-form-control wpcf7-email wpcf7-validates-as-required wpcf7-text wpcf7-validates-as-email\" aria-required=\"true\" aria-invalid=\"false\" placeholder=\"E-mail\" value=\"\" type=\"email\" name=\"your-email\" \/><\/span>\n\t<\/p>\n<\/div>\n<div class=\"field\">\n\t<p><span class=\"wpcf7-form-control-wrap\" data-name=\"your-phone\"><input size=\"40\" maxlength=\"400\" class=\"wpcf7-form-control wpcf7-tel wpcf7-validates-as-required wpcf7-text wpcf7-validates-as-tel\" aria-required=\"true\" aria-invalid=\"false\" placeholder=\"Tel\u00e9fono\" value=\"\" type=\"tel\" name=\"your-phone\" \/><\/span>\n\t<\/p>\n<\/div>\n<div class=\"field\">\n\t<p><span class=\"wpcf7-form-control-wrap\" data-name=\"your-subject\"><input size=\"40\" maxlength=\"400\" class=\"wpcf7-form-control wpcf7-text wpcf7-validates-as-required\" aria-required=\"true\" aria-invalid=\"false\" placeholder=\"Asunto\" value=\"\" type=\"text\" name=\"your-subject\" \/><\/span>\n\t<\/p>\n<\/div>\n<div class=\"field\">\n\t<p><span class=\"wpcf7-form-control-wrap\" data-name=\"your-message\"><textarea cols=\"40\" rows=\"10\" maxlength=\"2000\" class=\"wpcf7-form-control wpcf7-textarea\" aria-invalid=\"false\" placeholder=\"Mensaje\" name=\"your-message\"><\/textarea><\/span>\n\t<\/p>\n<\/div>\n<!-- \n<div style=\"text-align: center;\">\n[cf7ic]\n<\/div>\t\n -->\n<div>\n<\/div>\n<div style=\"margin-top: 25px;\">\n\t<p><input class=\"wpcf7-form-control wpcf7-submit has-spinner btn btn-default\" type=\"submit\" value=\"&#xf1d8;&nbsp; Enviar Mensaje\" \/>\n\t<\/p>\n<\/div>\n<p><a href=\"javascript:void(0);\" onClick=\"toggleHidden('#info')\"><br \/>\nInformaci\u00f3n b\u00e1sica sobre Protecci\u00f3n de Datos<br \/>\n<\/a><br \/>\n<script>\n function toggleHidden(selector) {\n element = document.querySelector(selector);\n element.hidden = element.hidden ? false : true;\n }\n<\/script>\n<\/p>\n<div id=\"info\" hidden>\n\t<li style=\"font-size: 12px\">\n\t\t<p>Responsable del Tratamiento: RIVAS JIMENEZ DENTAL, S.L.\n\t\t<\/p>\n\t<\/li>\n\t<li style=\"font-size: 12px\">\n\t\t<p>Finalidades del Tratamiento: usaremos tus datos para agendar alguna visita y atender tus dudas, consultas y sugerencias.\n\t\t<\/p>\n\t<\/li>\n\t<li style=\"font-size: 12px\">\n\t\t<p>Derechos de los interesados: Puede ejercer sus derechos de acceso, rectificaci\u00f3n, supresi\u00f3n y portabilidad de sus datos, de limitaci\u00f3n y oposici\u00f3n a su tratamiento en info@clinicasaltea.com\n\t\t<\/p>\n\t<\/li>\n\t<li style=\"font-size: 12px\">\n\t\t<p>M\u00e1s informaci\u00f3n: en nuestra <a href=\"files\/RJD_POLITICA DE PRIVACIDAD.pdf\" target=\"_blank\" style=\"font-size: 12px\">pol\u00edtica de privacidad<\/a>\n\t\t<\/p>\n\t<\/li>\n<\/div><div class=\"wpcf7-response-output\" aria-hidden=\"true\"><\/div>\n<\/form>\n<\/div>\n[\/vc_column][\/vc_row]<\/p>\n<\/div>","protected":false},"excerpt":{"rendered":"<p>[vc_row][vc_column][\/vc_column][\/vc_row][vc_row][vc_column width=&#8221;1\/2&#8243; el_class=&#8221;res-margin&#8221;][vc_column_text el_class=&#8221;contact-title&#8221;] These are our contact details: [\/vc_column_text][\/vc_column][vc_column width=&#8221;1\/2&#8243;][\/vc_column][\/vc_row]<\/p>\n","protected":false},"author":1,"featured_media":0,"parent":0,"menu_order":0,"comment_status":"closed","ping_status":"closed","template":"","meta":{"footnotes":""},"class_list":["post-1354","page","type-page","status-publish","hentry"],"aioseo_notices":[],"_links":{"self":[{"href":"https:\/\/www.clinicasaltea.com\/en\/wp-json\/wp\/v2\/pages\/1354","targetHints":{"allow":["GET"]}}],"collection":[{"href":"https:\/\/www.clinicasaltea.com\/en\/wp-json\/wp\/v2\/pages"}],"about":[{"href":"https:\/\/www.clinicasaltea.com\/en\/wp-json\/wp\/v2\/types\/page"}],"author":[{"embeddable":true,"href":"https:\/\/www.clinicasaltea.com\/en\/wp-json\/wp\/v2\/users\/1"}],"replies":[{"embeddable":true,"href":"https:\/\/www.clinicasaltea.com\/en\/wp-json\/wp\/v2\/comments?post=1354"}],"version-history":[{"count":2,"href":"https:\/\/www.clinicasaltea.com\/en\/wp-json\/wp\/v2\/pages\/1354\/revisions"}],"predecessor-version":[{"id":1361,"href":"https:\/\/www.clinicasaltea.com\/en\/wp-json\/wp\/v2\/pages\/1354\/revisions\/1361"}],"wp:attachment":[{"href":"https:\/\/www.clinicasaltea.com\/en\/wp-json\/wp\/v2\/media?parent=1354"}],"curies":[{"name":"wp","href":"https:\/\/api.w.org\/{rel}","templated":true}]}}