{"id":1464,"date":"2020-03-27T15:04:44","date_gmt":"2020-03-27T13:04:44","guid":{"rendered":"https:\/\/www.clinicasaltea.com\/tratamientos\/"},"modified":"2023-12-13T19:52:35","modified_gmt":"2023-12-13T17:52:35","slug":"tratamientos","status":"publish","type":"page","link":"https:\/\/www.clinicasaltea.com\/de\/tratamientos\/","title":{"rendered":"Behandlungen"},"content":{"rendered":"<div class=\"wpb-content-wrapper\"><p>[vc_row][vc_column]<div class=\"row\"><div class=\"col-md-8 col-md-offset-2 col-xs-12\"><div class=\"section-title  text-center\"><h3>KLICKEN SIE AUF JEDES BILD, UM DIE BEHANDLUNG ZU SEHEN<\/h3><h2>Behandlungen<\/h2><p>Bei Cl\u00ednica Dental Altea f\u00fchren wir alle zahn\u00e4rztlichen Behandlungen durch und konzentrieren uns dabei stets auf die \u00c4sthetik und das Wohlbefinden des Patienten.<\/p><\/div><\/div><\/div>[\/vc_column][\/vc_row][vc_row][vc_column]<div class=\"row\"><div class=\"portfolio-filters text-center col-sm-12\"><span data-filter=\"*\" class=\"active\">All<\/span><span data-filter=\".kieferorthopadie\">Kieferorthop\u00e4die<\/span><span data-filter=\".zahnasthetik\">Zahn\u00e4sthetik<\/span><span data-filter=\".implantologie\">Implantologie<\/span><\/div><\/div><\/div><\/div><\/div><\/div><\/div><div class=\"container-fluid\"><div class=\"row portfolio-items clearfix\" data-on-line-lg=\"4\" data-on-line-md=\"4\" data-on-line-sm=\"4\" data-on-line-xs=\"2\">\n\t\t\t\t<div>\n\t\t\t\t\t<div class=\"portfolio-item kieferorthopadie\">\n\t\t\t\t\t\t<div><img decoding=\"async\" src=\"https:\/\/www.clinicasaltea.com\/wp-content\/uploads\/2023\/12\/ORTODONCIA-INVISIBLE-e1701528430251.png\" alt=\"Unsichtbare Kieferorthop\u00e4die\"><\/div>\n\t\t\t\t\t\t<div class=\"img-overlay valign\">\n\t\t\t\t\t\t\t<div class=\"overlay-info full-width vertical-center\"><h6>Unsichtbare Kieferorthop\u00e4die<\/h6><p>Kieferorthop\u00e4die<\/p><\/div>\n\t\t\t\t\t\t\t<div><a href=\"https:\/\/www.clinicasaltea.com\/de\/portfolio\/ortodoncia-invisible\/\" data-rel=\"ortodoncia-invisible\"><\/a><\/div>\n\t\t\t\t\t\t<\/div>\n\t\t\t\t\t<\/div>\n\t\t\t\t<\/div>\n\t\t\t\t<div>\n\t\t\t\t\t<div class=\"portfolio-item implantologie\">\n\t\t\t\t\t\t<div><img decoding=\"async\" src=\"https:\/\/www.clinicasaltea.com\/wp-content\/uploads\/2023\/12\/implantes-all-on-four.jpg-e1701543459455.webp\" alt=\"ALL-ON-4\u00ae implanteren\"><\/div>\n\t\t\t\t\t\t<div class=\"img-overlay valign\">\n\t\t\t\t\t\t\t<div class=\"overlay-info full-width vertical-center\"><h6>ALL-ON-4\u00ae implanteren<\/h6><p>Implantologie<\/p><\/div>\n\t\t\t\t\t\t\t<div><a href=\"https:\/\/www.clinicasaltea.com\/de\/portfolio\/implantes-all-on-four\/\" data-rel=\"implantes-all-on-four\"><\/a><\/div>\n\t\t\t\t\t\t<\/div>\n\t\t\t\t\t<\/div>\n\t\t\t\t<\/div>\n\t\t\t\t<div>\n\t\t\t\t\t<div class=\"portfolio-item zahnasthetik\">\n\t\t\t\t\t\t<div><img decoding=\"async\" src=\"https:\/\/www.clinicasaltea.com\/wp-content\/uploads\/2023\/11\/blanqueamiento-e1701362904436.jpg\" alt=\"Zahnaufhellung\"><\/div>\n\t\t\t\t\t\t<div class=\"img-overlay valign\">\n\t\t\t\t\t\t\t<div class=\"overlay-info full-width vertical-center\"><h6>Zahnaufhellung<\/h6><p>Zahn\u00e4sthetik<\/p><\/div>\n\t\t\t\t\t\t\t<div><a href=\"https:\/\/www.clinicasaltea.com\/de\/portfolio\/blanqueamiento\/\" data-rel=\"blanqueamiento\"><\/a><\/div>\n\t\t\t\t\t\t<\/div>\n\t\t\t\t\t<\/div>\n\t\t\t\t<\/div><\/div><div><div><div><div>[\/vc_column][\/vc_row]<\/p>\n<\/div>","protected":false},"excerpt":{"rendered":"<p>[vc_row][vc_column][\/vc_column][\/vc_row][vc_row][vc_column][\/vc_column][\/vc_row]<\/p>\n","protected":false},"author":1,"featured_media":0,"parent":0,"menu_order":0,"comment_status":"closed","ping_status":"closed","template":"","meta":{"footnotes":""},"class_list":["post-1464","page","type-page","status-publish","hentry"],"aioseo_notices":[],"_links":{"self":[{"href":"https:\/\/www.clinicasaltea.com\/de\/wp-json\/wp\/v2\/pages\/1464","targetHints":{"allow":["GET"]}}],"collection":[{"href":"https:\/\/www.clinicasaltea.com\/de\/wp-json\/wp\/v2\/pages"}],"about":[{"href":"https:\/\/www.clinicasaltea.com\/de\/wp-json\/wp\/v2\/types\/page"}],"author":[{"embeddable":true,"href":"https:\/\/www.clinicasaltea.com\/de\/wp-json\/wp\/v2\/users\/1"}],"replies":[{"embeddable":true,"href":"https:\/\/www.clinicasaltea.com\/de\/wp-json\/wp\/v2\/comments?post=1464"}],"version-history":[{"count":1,"href":"https:\/\/www.clinicasaltea.com\/de\/wp-json\/wp\/v2\/pages\/1464\/revisions"}],"predecessor-version":[{"id":1469,"href":"https:\/\/www.clinicasaltea.com\/de\/wp-json\/wp\/v2\/pages\/1464\/revisions\/1469"}],"wp:attachment":[{"href":"https:\/\/www.clinicasaltea.com\/de\/wp-json\/wp\/v2\/media?parent=1464"}],"curies":[{"name":"wp","href":"https:\/\/api.w.org\/{rel}","templated":true}]}}