{"id":1430,"date":"2020-03-27T15:07:26","date_gmt":"2020-03-27T13:07:26","guid":{"rendered":"https:\/\/www.clinicasaltea.com\/equipo\/"},"modified":"2023-12-13T18:38:03","modified_gmt":"2023-12-13T16:38:03","slug":"equipo","status":"publish","type":"page","link":"https:\/\/www.clinicasaltea.com\/de\/equipo\/","title":{"rendered":"Spezialistenteam"},"content":{"rendered":"<div class=\"wpb-content-wrapper\"><p>[vc_row][vc_column]<div class=\"row\"><div class=\"col-md-8 col-md-offset-2 col-xs-12\"><div class=\"section-title  text-center\"><h3>FACH\u00c4RZTE<\/h3><h2>Entdecken Sie unser Spezialistenteam<\/h2><p>Bei <strong>Cl\u00ednica Dental Altea<\/strong> besch\u00e4ftigen wir die <strong>besten Spezialisten<\/strong>, damit Ihre Behandlung immer in den besten H\u00e4nden ist.<\/p>\n<div id=\"gtx-trans\" style=\"position: absolute; left: 450px; top: -16.7019px;\">\n<div class=\"gtx-trans-icon\"><\/div>\n<\/div>\n<p><\/p><\/div><\/div><\/div>[\/vc_column][\/vc_row][vc_row][vc_column width=&#8221;1\/5&#8243;]<div class=\"team-member res-margin\">\n\t\t\t\t\t\t<div class=\"team-image\">\n\t\t\t\t\t\t\t<p><img decoding=\"async\" src=\"https:\/\/www.clinicasaltea.com\/wp-content\/uploads\/2023\/11\/araceli.png\" alt=\"Dra. Araceli Rivas Jim\u00e9nez\" \/><\/p>\n\t\t\t\t\t\t\t<div class=\"team-social\"><div class=\"team-social-inner\"><a href=\"#\" title=\"Twitter\" ><i class=\"fab fa-twitter\"><\/i><\/a><a href=\"#\" title=\"Facebook\" ><i class=\"fab fa-facebook-f\"><\/i><\/a><a href=\"#\" title=\"LinkedIn\" ><i class=\"fab fa-linkedin-in\"><\/i><\/a><a href=\"#\" title=\"Dribbble\" ><i class=\"fab fa-dribbble\"><\/i><\/a><\/div><\/div>\n\t\t\t\t\t\t<\/div>\n\t\t\t\t\t\t<div class=\"team-details\">\n\t\t\t\t\t\t\t<h5 class=\"title\">Dra. Araceli Rivas Jim\u00e9nez<\/h5><p><span class=\"position\">Kieferorthop\u00e4de. Medizinischer Direktor. College-Nr.: 28010992 &#x1f1ea;&#x1f1f8; &#x1f1ec;&#x1f1e7;<\/span><\/p>\n\t\t\t\t\t\t<\/div>\n\t\t\t\t\t<\/div>[\/vc_column][vc_column width=&#8221;1\/5&#8243;]<div class=\"team-member res-margin\">\n\t\t\t\t\t\t<div class=\"team-image\">\n\t\t\t\t\t\t\t<p><img decoding=\"async\" src=\"https:\/\/www.clinicasaltea.com\/wp-content\/uploads\/2023\/11\/andres.png\" alt=\"Dr. Andr\u00e9s Alejandro Silva Soto\" \/><\/p>\n\t\t\t\t\t\t\t<div class=\"team-social\"><div class=\"team-social-inner\"><a href=\"#\" title=\"Twitter\" ><i class=\"fab fa-twitter\"><\/i><\/a><a href=\"#\" title=\"Facebook\" ><i class=\"fab fa-facebook-f\"><\/i><\/a><a href=\"#\" title=\"LinkedIn\" ><i class=\"fab fa-linkedin-in\"><\/i><\/a><a href=\"#\" title=\"Dribbble\" ><i class=\"fab fa-dribbble\"><\/i><\/a><\/div><\/div>\n\t\t\t\t\t\t<\/div>\n\t\t\t\t\t\t<div class=\"team-details\">\n\t\t\t\t\t\t\t<h5 class=\"title\">Dr. Andr\u00e9s Alejandro Silva Soto<\/h5><p><span class=\"position\">Arzt f\u00fcr zahn\u00e4rztliche und \u00e4sthetische Chirurgie. College-Nr.: 46004562 &#x1f1ea;&#x1f1f8; &#x1f1ec;&#x1f1e7;<\/span><\/p>\n\t\t\t\t\t\t<\/div>\n\t\t\t\t\t<\/div>[\/vc_column][vc_column width=&#8221;1\/5&#8243;]<div class=\"team-member res-margin\">\n\t\t\t\t\t\t<div class=\"team-image\">\n\t\t\t\t\t\t\t<p><img decoding=\"async\" src=\"https:\/\/www.clinicasaltea.com\/wp-content\/uploads\/2023\/11\/ignacio.png\" alt=\"Dr. Ignacio Tormo Jim\u00e9nez\" \/><\/p>\n\t\t\t\t\t\t\t<div class=\"team-social\"><div class=\"team-social-inner\"><a href=\"#\" title=\"Twitter\" ><i class=\"fab fa-twitter\"><\/i><\/a><a href=\"#\" title=\"Facebook\" ><i class=\"fab fa-facebook-f\"><\/i><\/a><a href=\"#\" title=\"LinkedIn\" ><i class=\"fab fa-linkedin-in\"><\/i><\/a><a href=\"#\" title=\"Dribbble\" ><i class=\"fab fa-dribbble\"><\/i><\/a><\/div><\/div>\n\t\t\t\t\t\t<\/div>\n\t\t\t\t\t\t<div class=\"team-details\">\n\t\t\t\t\t\t\t<h5 class=\"title\">Dr. Ignacio Tormo Jim\u00e9nez<\/h5><p><span class=\"position\">Chirurg und Implantologe. College-Nr.: 46004829 &#x1f1ea;&#x1f1f8; &#x1f1ec;&#x1f1e7;<\/span><\/p>\n\t\t\t\t\t\t<\/div>\n\t\t\t\t\t<\/div>[\/vc_column][vc_column width=&#8221;1\/5&#8243;]<div class=\"team-member res-margin\">\n\t\t\t\t\t\t<div class=\"team-image\">\n\t\t\t\t\t\t\t<p><img decoding=\"async\" src=\"https:\/\/www.clinicasaltea.com\/wp-content\/uploads\/2023\/11\/virgine.png\" alt=\"D\u00f1a. Virgine Kulersky\" \/><\/p>\n\t\t\t\t\t\t\t<div class=\"team-social\"><div class=\"team-social-inner\"><a href=\"#\" title=\"Twitter\" ><i class=\"fab fa-twitter\"><\/i><\/a><a href=\"#\" title=\"Facebook\" ><i class=\"fab fa-facebook-f\"><\/i><\/a><a href=\"#\" title=\"LinkedIn\" ><i class=\"fab fa-linkedin-in\"><\/i><\/a><a href=\"#\" title=\"Dribbble\" ><i class=\"fab fa-dribbble\"><\/i><\/a><\/div><\/div>\n\t\t\t\t\t\t<\/div>\n\t\t\t\t\t\t<div class=\"team-details\">\n\t\t\t\t\t\t\t<h5 class=\"title\">D\u00f1a. Virgine Kulersky<\/h5><p><span class=\"position\">Klinikverwaltung &#x1f1ec;&#x1f1e7; &#x1f1f3;&#x1f1f1; &#x1f1e9;&#x1f1ea; &#x1f1ea;&#x1f1f8;<\/span><\/p>\n\t\t\t\t\t\t<\/div>\n\t\t\t\t\t<\/div>[\/vc_column][vc_column width=&#8221;1\/5&#8243;]<div class=\"team-member res-margin\">\n\t\t\t\t\t\t<div class=\"team-image\">\n\t\t\t\t\t\t\t<p><img decoding=\"async\" src=\"https:\/\/www.clinicasaltea.com\/wp-content\/uploads\/2023\/12\/miguel-angel.png\" alt=\"D. Miguel \u00c1ngel Soler Ruiz\" \/><\/p>\n\t\t\t\t\t\t\t<div class=\"team-social\"><div class=\"team-social-inner\"><a href=\"#\" title=\"Twitter\" ><i class=\"fab fa-twitter\"><\/i><\/a><a href=\"#\" title=\"Facebook\" ><i class=\"fab fa-facebook-f\"><\/i><\/a><a href=\"#\" title=\"LinkedIn\" ><i class=\"fab fa-linkedin-in\"><\/i><\/a><a href=\"#\" title=\"Dribbble\" ><i class=\"fab fa-dribbble\"><\/i><\/a><\/div><\/div>\n\t\t\t\t\t\t<\/div>\n\t\t\t\t\t\t<div class=\"team-details\">\n\t\t\t\t\t\t\t<h5 class=\"title\">D. Miguel \u00c1ngel Soler Ruiz<\/h5><p><span class=\"position\">Klinikleitung &#x1f1ea;&#x1f1f8; &#x1f1fa;&#x1f1f8;<\/span><\/p>\n\t\t\t\t\t\t<\/div>\n\t\t\t\t\t<\/div>[\/vc_column][\/vc_row]<\/p>\n<\/div>","protected":false},"excerpt":{"rendered":"<p>[vc_row][vc_column][\/vc_column][\/vc_row][vc_row][vc_column width=&#8221;1\/5&#8243;][\/vc_column][vc_column width=&#8221;1\/5&#8243;][\/vc_column][vc_column width=&#8221;1\/5&#8243;][\/vc_column][vc_column width=&#8221;1\/5&#8243;][\/vc_column][vc_column width=&#8221;1\/5&#8243;][\/vc_column][\/vc_row]<\/p>\n","protected":false},"author":1,"featured_media":0,"parent":0,"menu_order":0,"comment_status":"closed","ping_status":"closed","template":"","meta":{"footnotes":""},"class_list":["post-1430","page","type-page","status-publish","hentry"],"aioseo_notices":[],"_links":{"self":[{"href":"https:\/\/www.clinicasaltea.com\/de\/wp-json\/wp\/v2\/pages\/1430","targetHints":{"allow":["GET"]}}],"collection":[{"href":"https:\/\/www.clinicasaltea.com\/de\/wp-json\/wp\/v2\/pages"}],"about":[{"href":"https:\/\/www.clinicasaltea.com\/de\/wp-json\/wp\/v2\/types\/page"}],"author":[{"embeddable":true,"href":"https:\/\/www.clinicasaltea.com\/de\/wp-json\/wp\/v2\/users\/1"}],"replies":[{"embeddable":true,"href":"https:\/\/www.clinicasaltea.com\/de\/wp-json\/wp\/v2\/comments?post=1430"}],"version-history":[{"count":3,"href":"https:\/\/www.clinicasaltea.com\/de\/wp-json\/wp\/v2\/pages\/1430\/revisions"}],"predecessor-version":[{"id":1444,"href":"https:\/\/www.clinicasaltea.com\/de\/wp-json\/wp\/v2\/pages\/1430\/revisions\/1444"}],"wp:attachment":[{"href":"https:\/\/www.clinicasaltea.com\/de\/wp-json\/wp\/v2\/media?parent=1430"}],"curies":[{"name":"wp","href":"https:\/\/api.w.org\/{rel}","templated":true}]}}