{"id":1380,"date":"2020-04-03T16:22:51","date_gmt":"2020-04-03T14:22:51","guid":{"rendered":"https:\/\/www.clinicasaltea.com\/clinica\/"},"modified":"2023-12-13T17:26:25","modified_gmt":"2023-12-13T15:26:25","slug":"clinica","status":"publish","type":"page","link":"https:\/\/www.clinicasaltea.com\/de\/clinica\/","title":{"rendered":"Klinik"},"content":{"rendered":"<div class=\"wpb-content-wrapper\"><p>[vc_row][vc_column width=&#8221;5\/12&#8243; el_class=&#8221;res-margin&#8221;]<div class=\"section-title  text-left\"><h3>ENTDECKEN SIE DIE ZAHNKLINIK ALTEA<\/h3><h2>Ihre vertrauensw\u00fcrdige Klinik in Altea la Vella<\/h2><\/div>[vc_empty_space height=&#8221;10px&#8221;][vc_column_text]Die <strong>Clinica Dental Altea<\/strong> nutzt die fortschrittlichste und innovativste Technologie im Bereich der Zahnheilkunde. Unser spezialisiertes Team wird Sie auf diefreundlichste und sorgf\u00e4ltigste Weise unterst\u00fctzen.<\/p>\n<p>Unsere \u00d6ffnungszeiten sind Montag bis Donnerstag von 10:00 bis 19:00 Uhr und Freitag von 10:00 bis 14:00 Uhr.<\/p>\n<p>Besuchen Sie uns in Crta. Callosa 21, Altea la Vella | Alicante<\/p>\n<p>Wir haben Parkpl\u00e4tze f\u00fcr unsere Patienten in der Umgebung.<\/p>\n<ul>\n<li>We speak English &#x1f1ec;&#x1f1e7;&#x1f1fa;&#x1f1f8;<\/li>\n<li>Wij spreken Nederlands &#x1f1f3;&#x1f1f1;&#x1f1e7;&#x1f1ea;<\/li>\n<li>Wir sprechen Deutsch &#x1f1e9;&#x1f1ea;&#x1f1e8;&#x1f1ed;<\/li>\n<li>\u041c\u044b \u0433\u043e\u0432\u043e\u0440\u0438\u043c \u043f\u043e-\u0440\u0443\u0441\u0441\u043a\u0438 &#x1f1f7;&#x1f1fa;&#x1f1fa;&#x1f1e6;<\/li>\n<\/ul>\n<p>[\/vc_column_text][\/vc_column][vc_column width=&#8221;7\/12&#8243;][vc_single_image image=&#8221;424&#8243; img_size=&#8221;full&#8221; add_caption=&#8221;yes&#8221; el_class=&#8221;mission-img mission-one&#8221;][vc_single_image image=&#8221;426&#8243; img_size=&#8221;full&#8221; el_class=&#8221;mission-img mission-two&#8221;][vc_single_image image=&#8221;229&#8243; img_size=&#8221;full&#8221; el_class=&#8221;mission-dot&#8221;][\/vc_column][\/vc_row]<\/p>\n<\/div>","protected":false},"excerpt":{"rendered":"<p>[vc_row][vc_column width=&#8221;5\/12&#8243; el_class=&#8221;res-margin&#8221;][vc_empty_space height=&#8221;10px&#8221;][vc_column_text]Die Clinica Dental Altea nutzt die fortschrittlichste und innovativste Technologie im Bereich der Zahnheilkunde. Unser spezialisiertes Team wird Sie auf diefreundlichste und sorgf\u00e4ltigste Weise unterst\u00fctzen. Unsere \u00d6ffnungszeiten sind Montag bis Donnerstag von 10:00 bis 19:00 Uhr und Freitag von 10:00 bis 14:00 Uhr. Besuchen Sie uns in Crta. Callosa 21, Altea la [&hellip;]<\/p>\n","protected":false},"author":1,"featured_media":0,"parent":0,"menu_order":0,"comment_status":"closed","ping_status":"closed","template":"","meta":{"footnotes":""},"class_list":["post-1380","page","type-page","status-publish","hentry"],"aioseo_notices":[],"_links":{"self":[{"href":"https:\/\/www.clinicasaltea.com\/de\/wp-json\/wp\/v2\/pages\/1380","targetHints":{"allow":["GET"]}}],"collection":[{"href":"https:\/\/www.clinicasaltea.com\/de\/wp-json\/wp\/v2\/pages"}],"about":[{"href":"https:\/\/www.clinicasaltea.com\/de\/wp-json\/wp\/v2\/types\/page"}],"author":[{"embeddable":true,"href":"https:\/\/www.clinicasaltea.com\/de\/wp-json\/wp\/v2\/users\/1"}],"replies":[{"embeddable":true,"href":"https:\/\/www.clinicasaltea.com\/de\/wp-json\/wp\/v2\/comments?post=1380"}],"version-history":[{"count":1,"href":"https:\/\/www.clinicasaltea.com\/de\/wp-json\/wp\/v2\/pages\/1380\/revisions"}],"predecessor-version":[{"id":1386,"href":"https:\/\/www.clinicasaltea.com\/de\/wp-json\/wp\/v2\/pages\/1380\/revisions\/1386"}],"wp:attachment":[{"href":"https:\/\/www.clinicasaltea.com\/de\/wp-json\/wp\/v2\/media?parent=1380"}],"curies":[{"name":"wp","href":"https:\/\/api.w.org\/{rel}","templated":true}]}}